{"id":226,"date":"2026-03-12T11:54:23","date_gmt":"2026-03-12T11:54:23","guid":{"rendered":"https:\/\/elembrujo.es\/?page_id=226"},"modified":"2026-03-16T08:43:58","modified_gmt":"2026-03-16T08:43:58","slug":"aviso-legal","status":"publish","type":"page","link":"https:\/\/elembrujo.es\/en\/aviso-legal\/","title":{"rendered":"Aviso legal"},"content":{"rendered":"<p><strong>Representante<\/strong>: Francisca Astasio Galera (en adelante <strong>Paspem Esp\u00e1rragos SL<\/strong>)<\/p>\n\n\n\n<p><strong>CIF<\/strong>: B10772101<\/p>\n\n\n\n<p><strong>Direcci\u00f3n postal<\/strong>: C\/ Crist\u00f3bal Col\u00f3n, 20, Santo Tom\u00e9 (23311) Ja\u00e9n<\/p>\n\n\n\n<p><strong>Tel\u00e9fono<\/strong>: 695639848<\/p>\n\n\n\n<p><strong>Email<\/strong>: paspemesparragos@gmail.com<\/p>\n\n\n\n<p><strong>Objeto de la web<\/strong>: Informar a los usuarios de las actividades y proyectos de <strong>Paspem Esp\u00e1rragos SL<\/strong><\/p>\n\n\n\n<p>El uso de esta Web por el usuario implica la aceptaci\u00f3n por su parte, plena y sin reservas, de las <strong>Condiciones de uso<\/strong> que se indican a continuaci\u00f3n.<\/p>\n\n\n\n<p><strong>Paspem Esp\u00e1rragos SL <\/strong>se reserva el derecho a actualizar, modificar o eliminar dichos t\u00e9rminos, que ser\u00e1n aplicables desde su publicaci\u00f3n, por lo que se recomienda que los usuarios consulten el contenido de la \u00faltima versi\u00f3n de manera peri\u00f3dica.Paspem Esp\u00e1rragos SL<\/p>","protected":false},"excerpt":{"rendered":"<p>Representante: Francisca Astasio Galera (en adelante Paspem Esp\u00e1rragos SL) CIF: B10772101 Direcci\u00f3n postal: C\/ Crist\u00f3bal Col\u00f3n, 20, Santo Tom\u00e9 (23311) Ja\u00e9n Tel\u00e9fono: 695639848 Email: paspemesparragos@gmail.com Objeto de la web: Informar a los usuarios de las actividades y proyectos de Paspem Esp\u00e1rragos SL El uso de esta Web por el usuario implica la aceptaci\u00f3n por su [&hellip;]<\/p>","protected":false},"author":1,"featured_media":0,"parent":0,"menu_order":0,"comment_status":"closed","ping_status":"closed","template":"","meta":{"footnotes":""},"class_list":["post-226","page","type-page","status-publish","hentry"],"yoast_head":"<!-- This site is optimized with the Yoast SEO plugin v26.3 - https:\/\/yoast.com\/wordpress\/plugins\/seo\/ -->\n<title>Aviso legal - El Embrujo<\/title>\n<meta name=\"robots\" content=\"noindex, nofollow\" \/>\n<meta property=\"og:locale\" content=\"en_GB\" \/>\n<meta property=\"og:type\" content=\"article\" \/>\n<meta property=\"og:title\" content=\"Aviso legal - El Embrujo\" \/>\n<meta property=\"og:description\" content=\"Representante: Francisca Astasio Galera (en adelante Paspem Esp\u00e1rragos SL) CIF: B10772101 Direcci\u00f3n postal: C\/ Crist\u00f3bal Col\u00f3n, 20, Santo Tom\u00e9 (23311) Ja\u00e9n Tel\u00e9fono: 695639848 Email: paspemesparragos@gmail.com Objeto de la web: Informar a los usuarios de las actividades y proyectos de Paspem Esp\u00e1rragos SL El uso de esta Web por el usuario implica la aceptaci\u00f3n por su [&hellip;]\" \/>\n<meta property=\"og:url\" content=\"https:\/\/elembrujo.es\/en\/aviso-legal\/\" \/>\n<meta property=\"og:site_name\" content=\"El Embrujo\" \/>\n<meta property=\"article:modified_time\" content=\"2026-03-16T08:43:58+00:00\" \/>\n<meta name=\"twitter:card\" content=\"summary_large_image\" \/>\n<meta name=\"twitter:label1\" content=\"Estimated reading time\" \/>\n\t<meta name=\"twitter:data1\" content=\"1 minute\" \/>\n<script type=\"application\/ld+json\" class=\"yoast-schema-graph\">{\"@context\":\"https:\/\/schema.org\",\"@graph\":[{\"@type\":\"WebPage\",\"@id\":\"https:\/\/elembrujo.es\/aviso-legal\/\",\"url\":\"https:\/\/elembrujo.es\/aviso-legal\/\",\"name\":\"Aviso legal - El Embrujo\",\"isPartOf\":{\"@id\":\"https:\/\/elembrujo.es\/#website\"},\"datePublished\":\"2026-03-12T11:54:23+00:00\",\"dateModified\":\"2026-03-16T08:43:58+00:00\",\"breadcrumb\":{\"@id\":\"https:\/\/elembrujo.es\/aviso-legal\/#breadcrumb\"},\"inLanguage\":\"en-GB\",\"potentialAction\":[{\"@type\":\"ReadAction\",\"target\":[\"https:\/\/elembrujo.es\/aviso-legal\/\"]}]},{\"@type\":\"BreadcrumbList\",\"@id\":\"https:\/\/elembrujo.es\/aviso-legal\/#breadcrumb\",\"itemListElement\":[{\"@type\":\"ListItem\",\"position\":1,\"name\":\"Portada\",\"item\":\"https:\/\/elembrujo.es\/\"},{\"@type\":\"ListItem\",\"position\":2,\"name\":\"Aviso legal\"}]},{\"@type\":\"WebSite\",\"@id\":\"https:\/\/elembrujo.es\/#website\",\"url\":\"https:\/\/elembrujo.es\/\",\"name\":\"El Embrujo\",\"description\":\"El Embrujo\",\"potentialAction\":[{\"@type\":\"SearchAction\",\"target\":{\"@type\":\"EntryPoint\",\"urlTemplate\":\"https:\/\/elembrujo.es\/?s={search_term_string}\"},\"query-input\":{\"@type\":\"PropertyValueSpecification\",\"valueRequired\":true,\"valueName\":\"search_term_string\"}}],\"inLanguage\":\"en-GB\"}]}<\/script>\n<!-- \/ Yoast SEO plugin. -->","yoast_head_json":{"title":"Aviso legal - El Embrujo","robots":{"index":"noindex","follow":"nofollow"},"og_locale":"en_GB","og_type":"article","og_title":"Aviso legal - El Embrujo","og_description":"Representante: Francisca Astasio Galera (en adelante Paspem Esp\u00e1rragos SL) CIF: B10772101 Direcci\u00f3n postal: C\/ Crist\u00f3bal Col\u00f3n, 20, Santo Tom\u00e9 (23311) Ja\u00e9n Tel\u00e9fono: 695639848 Email: paspemesparragos@gmail.com Objeto de la web: Informar a los usuarios de las actividades y proyectos de Paspem Esp\u00e1rragos SL El uso de esta Web por el usuario implica la aceptaci\u00f3n por su [&hellip;]","og_url":"https:\/\/elembrujo.es\/en\/aviso-legal\/","og_site_name":"El Embrujo","article_modified_time":"2026-03-16T08:43:58+00:00","twitter_card":"summary_large_image","twitter_misc":{"Estimated reading time":"1 minute"},"schema":{"@context":"https:\/\/schema.org","@graph":[{"@type":"WebPage","@id":"https:\/\/elembrujo.es\/aviso-legal\/","url":"https:\/\/elembrujo.es\/aviso-legal\/","name":"Aviso legal - El Embrujo","isPartOf":{"@id":"https:\/\/elembrujo.es\/#website"},"datePublished":"2026-03-12T11:54:23+00:00","dateModified":"2026-03-16T08:43:58+00:00","breadcrumb":{"@id":"https:\/\/elembrujo.es\/aviso-legal\/#breadcrumb"},"inLanguage":"en-GB","potentialAction":[{"@type":"ReadAction","target":["https:\/\/elembrujo.es\/aviso-legal\/"]}]},{"@type":"BreadcrumbList","@id":"https:\/\/elembrujo.es\/aviso-legal\/#breadcrumb","itemListElement":[{"@type":"ListItem","position":1,"name":"Portada","item":"https:\/\/elembrujo.es\/"},{"@type":"ListItem","position":2,"name":"Aviso legal"}]},{"@type":"WebSite","@id":"https:\/\/elembrujo.es\/#website","url":"https:\/\/elembrujo.es\/","name":"El Embrujo","description":"El Embrujo","potentialAction":[{"@type":"SearchAction","target":{"@type":"EntryPoint","urlTemplate":"https:\/\/elembrujo.es\/?s={search_term_string}"},"query-input":{"@type":"PropertyValueSpecification","valueRequired":true,"valueName":"search_term_string"}}],"inLanguage":"en-GB"}]}},"_links":{"self":[{"href":"https:\/\/elembrujo.es\/en\/wp-json\/wp\/v2\/pages\/226","targetHints":{"allow":["GET"]}}],"collection":[{"href":"https:\/\/elembrujo.es\/en\/wp-json\/wp\/v2\/pages"}],"about":[{"href":"https:\/\/elembrujo.es\/en\/wp-json\/wp\/v2\/types\/page"}],"author":[{"embeddable":true,"href":"https:\/\/elembrujo.es\/en\/wp-json\/wp\/v2\/users\/1"}],"replies":[{"embeddable":true,"href":"https:\/\/elembrujo.es\/en\/wp-json\/wp\/v2\/comments?post=226"}],"version-history":[{"count":3,"href":"https:\/\/elembrujo.es\/en\/wp-json\/wp\/v2\/pages\/226\/revisions"}],"predecessor-version":[{"id":232,"href":"https:\/\/elembrujo.es\/en\/wp-json\/wp\/v2\/pages\/226\/revisions\/232"}],"wp:attachment":[{"href":"https:\/\/elembrujo.es\/en\/wp-json\/wp\/v2\/media?parent=226"}],"curies":[{"name":"wp","href":"https:\/\/api.w.org\/{rel}","templated":true}]}}